{"id":15476,"date":"2020-07-02T11:08:32","date_gmt":"2020-07-02T15:08:32","guid":{"rendered":"https:\/\/decepenlinea.uprm.edu\/?post_type=product&#038;p=15476"},"modified":"2022-01-25T18:26:56","modified_gmt":"2022-01-25T22:26:56","slug":"certificacion-de-entrenador-en-tecnologia-educativa-educational-technology-trainer-2","status":"publish","type":"product","link":"https:\/\/decepenlinea.uprm.edu\/index.php\/product\/certificacion-de-entrenador-en-tecnologia-educativa-educational-technology-trainer-2\/","title":{"rendered":"Certificaci\u00f3n de Entrenador en Tecnolog\u00eda Educativa (Educational Technology Trainer)"},"content":{"rendered":"<\/p>\n<p><span lang=\"en-us\" xml:lang=\"en-us\">En esta<br \/>\ncertificaci\u00f3n se presentan y discuten los aspectos que involucran capacitar a<br \/>\nlos educadores en la integraci\u00f3n de la tecnolog\u00eda educativa en la sala de<br \/>\nclases. Temas como cu\u00e1les son los beneficios de la integraci\u00f3n tecnol\u00f3gica en<br \/>\nlos procesos educativos, teor\u00edas que sustentan la integraci\u00f3n tecnol\u00f3gica, uso<br \/>\nde la computadora en la sala de clases, uso de la Internet, programados de<br \/>\nproductividad Microsoft Office, tecnolog\u00edas de la nube Google Drive, presencial<br \/>\ndocente en la Internet blogs y SGA, sistemas de aval\u00fao inmediato, programados<br \/>\ngratuitos, manejo y edici\u00f3n de im\u00e1genes, creaci\u00f3n de videos educativos,<br \/>\ncreaci\u00f3n de portafolios electr\u00f3nicos, derechos de autor y propiedad<br \/>\nintelectual, asistencia tecnol\u00f3gica y otros ser\u00e1n cubiertos.<\/span><\/p>\n<p><span lang=\"en-us\" xml:lang=\"en-us\">Es un curso<br \/>\npor m\u00f3dulo que te ofrece una certificaci\u00f3n de 60 horas contacto. El aprendizaje<br \/>\nse demuestra mediante pruebas objetivas y la tarea de aplicaci\u00f3n final. Este es<br \/>\nun curso donde podr\u00e1s completarlo a tu propio paso, una vez tengas acceso no<br \/>\nhay fechas con las cuales cumplir. Una vez termines, se te otorgar\u00e1 el certificado<br \/>\nen formato digital. Curso recomendado para personas con maestr\u00eda o doctorado en<br \/>\nel \u00e1rea de educaci\u00f3n.<\/span><\/p>\n<p><span lang=\"en-us\" xml:lang=\"en-us\">\u00a0<\/span><\/p>\n<p><\/p>\n","protected":false},"excerpt":{"rendered":"<p><strong>Instructor:<\/strong> CREAD<\/p>\n<p><strong>Horario:<\/strong> Curso en l\u00ednea &#8211; AUTODIRIGIDO<\/p>\n<p><b>Matricula:<\/b> Hasta el 7 de octubre de 2020<\/p>\n<p><b>Acceso al curso:<\/b> Hasta el 7 de diciembre de 2020<\/p>\n<p><strong>Equivalencia de horas contacto:<\/strong> 60<\/p>\n<p><strong>Espacios:<\/strong> 15<\/p>\n","protected":false},"featured_media":0,"comment_status":"closed","ping_status":"closed","template":"","meta":{"_links_to":"","_links_to_target":""},"product_brand":[],"product_cat":[17],"product_tag":[],"class_list":{"0":"post-15476","1":"product","2":"type-product","3":"status-publish","5":"product_cat-uncategorized","7":"first","8":"outofstock","9":"sale","10":"downloadable","11":"virtual","12":"sold-individually","13":"purchasable","14":"product-type-simple"},"_links":{"self":[{"href":"https:\/\/decepenlinea.uprm.edu\/index.php\/wp-json\/wp\/v2\/product\/15476","targetHints":{"allow":["GET"]}}],"collection":[{"href":"https:\/\/decepenlinea.uprm.edu\/index.php\/wp-json\/wp\/v2\/product"}],"about":[{"href":"https:\/\/decepenlinea.uprm.edu\/index.php\/wp-json\/wp\/v2\/types\/product"}],"replies":[{"embeddable":true,"href":"https:\/\/decepenlinea.uprm.edu\/index.php\/wp-json\/wp\/v2\/comments?post=15476"}],"wp:attachment":[{"href":"https:\/\/decepenlinea.uprm.edu\/index.php\/wp-json\/wp\/v2\/media?parent=15476"}],"wp:term":[{"taxonomy":"product_brand","embeddable":true,"href":"https:\/\/decepenlinea.uprm.edu\/index.php\/wp-json\/wp\/v2\/product_brand?post=15476"},{"taxonomy":"product_cat","embeddable":true,"href":"https:\/\/decepenlinea.uprm.edu\/index.php\/wp-json\/wp\/v2\/product_cat?post=15476"},{"taxonomy":"product_tag","embeddable":true,"href":"https:\/\/decepenlinea.uprm.edu\/index.php\/wp-json\/wp\/v2\/product_tag?post=15476"}],"curies":[{"name":"wp","href":"https:\/\/api.w.org\/{rel}","templated":true}]}}