{"id":15470,"date":"2020-07-02T11:05:33","date_gmt":"2020-07-02T15:05:33","guid":{"rendered":"https:\/\/decepenlinea.uprm.edu\/?post_type=product&#038;p=15470"},"modified":"2022-01-25T18:26:56","modified_gmt":"2022-01-25T22:26:56","slug":"pensamiento-de-diseno-design-thinking-2","status":"publish","type":"product","link":"https:\/\/decepenlinea.uprm.edu\/index.php\/product\/pensamiento-de-diseno-design-thinking-2\/","title":{"rendered":"Pensamiento de Dise\u00f1o (Design Thinking)"},"content":{"rendered":"<\/p>\n<p><span lang=\"en-us\" xml:lang=\"en-us\">El<br \/>\nPensamiento de Dise\u00f1o es una estrategia que establece un proceso para la<br \/>\nb\u00fasqueda de soluciones innovadoras para problemas. Esta estrategias ya se ha<br \/>\nadaptado para el desarrollo de servicios, productos, la educaci\u00f3n y el arte,<br \/>\nentre otros campos. A diferencia del m\u00e9todo cient\u00edfico en donde se establece<br \/>\nuna posible soluci\u00f3n a un problema y se prueba si funciona o no, el Pensamiento<br \/>\nde Dise\u00f1o motiva a la b\u00fasqueda de m\u00faltiples ideas, se prueban y se revisa lo<br \/>\naprendido regresando a cualquiera de los pasos anteriores hasta que se llega a<br \/>\nla mejor soluci\u00f3n. En este curso se define lo que es innovaci\u00f3n, las premisas<br \/>\ndel proceso creativo, las normas de colaboraci\u00f3n en grupos y se revisa cada uno<br \/>\nde los pasos, introduciendo algunos de los procesos posibles en el Pensamiento<br \/>\nde Dise\u00f1o. Entre los materiales se encuentran: las v\u00eddeo presentaciones y<br \/>\nv\u00eddeos demostrativos de c\u00f3mo se ve el proceso en la pr\u00e1ctica. El aprendizaje se<br \/>\ndemuestra mediante tareas, pruebas objetivas y la tarea de aplicaci\u00f3n final.<br \/>\nUna vez tengas acceso no hay fechas con las cuales cumplir. Podr\u00e1s aprender a<br \/>\ntu propio paso. Pero una vez termines se te otorgar\u00e1 el certificado en formato<br \/>\ndigital.<\/span><\/p>\n<p><\/p>\n","protected":false},"excerpt":{"rendered":"<p><strong>Instructor:<\/strong> CREAD<\/p>\n<p><strong>Horario:<\/strong> Curso en l\u00ednea &#8211; AUTODIRIGIDO<\/p>\n<p><b>Matricula:<\/b> Hasta el 7 de noviembre de 2020<\/p>\n<p><b>Acceso al curso:<\/b> Hasta el 7 de diciembre de 2020<\/p>\n<p><strong>Equivalencia de horas contacto:<\/strong> 8<\/p>\n<p><strong>Espacios:<\/strong> 15<\/p>\n","protected":false},"featured_media":3723,"comment_status":"closed","ping_status":"closed","template":"","meta":{"_links_to":"","_links_to_target":""},"product_brand":[],"product_cat":[17],"product_tag":[],"class_list":{"0":"post-15470","1":"product","2":"type-product","3":"status-publish","4":"has-post-thumbnail","6":"product_cat-uncategorized","8":"first","9":"outofstock","10":"downloadable","11":"virtual","12":"purchasable","13":"product-type-simple"},"_links":{"self":[{"href":"https:\/\/decepenlinea.uprm.edu\/index.php\/wp-json\/wp\/v2\/product\/15470","targetHints":{"allow":["GET"]}}],"collection":[{"href":"https:\/\/decepenlinea.uprm.edu\/index.php\/wp-json\/wp\/v2\/product"}],"about":[{"href":"https:\/\/decepenlinea.uprm.edu\/index.php\/wp-json\/wp\/v2\/types\/product"}],"replies":[{"embeddable":true,"href":"https:\/\/decepenlinea.uprm.edu\/index.php\/wp-json\/wp\/v2\/comments?post=15470"}],"wp:featuredmedia":[{"embeddable":true,"href":"https:\/\/decepenlinea.uprm.edu\/index.php\/wp-json\/wp\/v2\/media\/3723"}],"wp:attachment":[{"href":"https:\/\/decepenlinea.uprm.edu\/index.php\/wp-json\/wp\/v2\/media?parent=15470"}],"wp:term":[{"taxonomy":"product_brand","embeddable":true,"href":"https:\/\/decepenlinea.uprm.edu\/index.php\/wp-json\/wp\/v2\/product_brand?post=15470"},{"taxonomy":"product_cat","embeddable":true,"href":"https:\/\/decepenlinea.uprm.edu\/index.php\/wp-json\/wp\/v2\/product_cat?post=15470"},{"taxonomy":"product_tag","embeddable":true,"href":"https:\/\/decepenlinea.uprm.edu\/index.php\/wp-json\/wp\/v2\/product_tag?post=15470"}],"curies":[{"name":"wp","href":"https:\/\/api.w.org\/{rel}","templated":true}]}}