{"id":15361,"date":"2020-06-29T18:04:38","date_gmt":"2020-06-29T22:04:38","guid":{"rendered":"https:\/\/decepenlinea.uprm.edu\/?post_type=product&#038;p=15361"},"modified":"2020-06-30T11:59:14","modified_gmt":"2020-06-30T15:59:14","slug":"seminario-en-linea-seccion-am-y-pm-consideraciones-en-el-diseno-y-creacion-de-materiales-educativos-para-cursos-en-linea","status":"publish","type":"product","link":"https:\/\/decepenlinea.uprm.edu\/index.php\/product\/seminario-en-linea-seccion-am-y-pm-consideraciones-en-el-diseno-y-creacion-de-materiales-educativos-para-cursos-en-linea\/","title":{"rendered":"Seminario en l\u00ednea Secci\u00f3n AM y PM: Consideraciones en el dise\u00f1o y creaci\u00f3n de materiales educativos para cursos en l\u00ednea"},"content":{"rendered":"<p>Este seminario en l\u00ednea, basado en su gu\u00eda publicada en Amazon con el mismo tema, el Dr. Ferrer explica y describe los pasos en el dise\u00f1o y creaci\u00f3n de materiales educativos para cursos en l\u00ednea. Describe las caracter\u00edsticas ideales desde el punto de vista educativo para estos materiales y su efecto en el aprendizaje efectivo, seg\u00fan la evidencia emp\u00edrica. Tambi\u00e9n presenta y discute herramientas y programados disponibles para facilitar la creaci\u00f3n de estos materiales digitales. El seminario tendr\u00e1 una duraci\u00f3n de 2.5 horas de informaci\u00f3n y 30 minutos de preguntas.<\/p>\n","protected":false},"excerpt":{"rendered":"<p><strong>Profesor:<\/strong> Dr. Jos\u00e9 R. Ferrer L\u00f3pez<\/p>\n<p><strong>Horario:<\/strong> Videoconferencia en vivo<\/p>\n<p><b>Fecha del seminario:<\/b> 26 de junio de 2020 ; Secci\u00f3n AM 9:00 am &#8211; 12: 00 md  y Secci\u00f3n PM 2:00 pm &#8211; 5:00 pm<\/p>\n<p><strong>Equivalencia de horas contacto:<\/strong> 3 <\/p>\n<p><strong>Espacios:<\/strong> 98<\/p>\n","protected":false},"featured_media":3947,"comment_status":"closed","ping_status":"closed","template":"","meta":{"_links_to":"","_links_to_target":""},"product_brand":[],"product_cat":[254],"product_tag":[],"class_list":{"0":"post-15361","1":"product","2":"type-product","3":"status-publish","4":"has-post-thumbnail","6":"product_cat-upr-mayaguez","8":"first","9":"outofstock","10":"sold-individually","11":"shipping-taxable","12":"purchasable","13":"product-type-simple"},"_links":{"self":[{"href":"https:\/\/decepenlinea.uprm.edu\/index.php\/wp-json\/wp\/v2\/product\/15361","targetHints":{"allow":["GET"]}}],"collection":[{"href":"https:\/\/decepenlinea.uprm.edu\/index.php\/wp-json\/wp\/v2\/product"}],"about":[{"href":"https:\/\/decepenlinea.uprm.edu\/index.php\/wp-json\/wp\/v2\/types\/product"}],"replies":[{"embeddable":true,"href":"https:\/\/decepenlinea.uprm.edu\/index.php\/wp-json\/wp\/v2\/comments?post=15361"}],"wp:featuredmedia":[{"embeddable":true,"href":"https:\/\/decepenlinea.uprm.edu\/index.php\/wp-json\/wp\/v2\/media\/3947"}],"wp:attachment":[{"href":"https:\/\/decepenlinea.uprm.edu\/index.php\/wp-json\/wp\/v2\/media?parent=15361"}],"wp:term":[{"taxonomy":"product_brand","embeddable":true,"href":"https:\/\/decepenlinea.uprm.edu\/index.php\/wp-json\/wp\/v2\/product_brand?post=15361"},{"taxonomy":"product_cat","embeddable":true,"href":"https:\/\/decepenlinea.uprm.edu\/index.php\/wp-json\/wp\/v2\/product_cat?post=15361"},{"taxonomy":"product_tag","embeddable":true,"href":"https:\/\/decepenlinea.uprm.edu\/index.php\/wp-json\/wp\/v2\/product_tag?post=15361"}],"curies":[{"name":"wp","href":"https:\/\/api.w.org\/{rel}","templated":true}]}}