{"id":15046,"date":"2020-06-23T22:52:31","date_gmt":"2020-06-24T02:52:31","guid":{"rendered":"https:\/\/decepenlinea.uprm.edu\/?post_type=product&#038;p=15046"},"modified":"2020-06-23T22:55:01","modified_gmt":"2020-06-24T02:55:01","slug":"cybersecurity-essentials-93-00","status":"publish","type":"product","link":"https:\/\/decepenlinea.uprm.edu\/index.php\/product\/cybersecurity-essentials-93-00\/","title":{"rendered":"CyberSecurity Essentials ($186.00)"},"content":{"rendered":"<p>El curso de Cybersecurity Essentials desarrolla una comprensi\u00f3n de la ciberseguridad y su relaci\u00f3n con la informaci\u00f3n y la seguridad de la red. El curso introduce a los estudiantes a las caracter\u00edsticas del delito cibern\u00e9tico, los principios de seguridad, las tecnolog\u00edas y los procedimientos para defender redes.<\/p>\n<p>Algunas capacidades obtenidas durante el curso son las siguientes:<\/p>\n<ul>\n<li>Comprender los controles de seguridad para redes, servidores y aplicaciones.<\/li>\n<li>Conocer los principios de seguridad y c\u00f3mo desarrollar pol\u00edticas compatibles.<\/li>\n<li>Implementar procedimientos adecuados de confidencialidad y disponibilidad de datos.<\/li>\n<li>Desarrollo de habilidades de pensamiento cr\u00edtico y resoluci\u00f3n de problemas utilizando equipos reales y Cisco Packet Tracer.<\/li>\n<\/ul>\n<p>La demanda de expertos en seguridad cibern\u00e9tica ha crecido 3 veces m\u00e1s r\u00e1pido que cualquier otra funci\u00f3n de trabajo de TI, y la capacitaci\u00f3n de una fuerza laboral de seguridad cibern\u00e9tica es una prioridad para muchos gobiernos. Desde datos confidenciales de la compa\u00f1\u00eda hasta informaci\u00f3n personal, las conexiones hacen que los datos sean m\u00e1s vulnerables a los ataques, lo que aumenta la demanda de profesionales con habilidades de ciberseguridad.<\/p>\n<p>Este es un curso moderado con una equivalencia de 30 horas contacto donde demuestras tus conocimientos y destrezas adquiridas mediante pruebas objetivas y tareas.<\/p>\n<p>Se espera que cada semana completes una lecci\u00f3n. El instructor te guiar\u00e1 en este proceso. Debes completar cada una de las tareas en o antes de las fechas estipuladas. Al completar el curso con la puntuaci\u00f3n m\u00ednima requerida obtendr\u00e1s el certificado que as\u00ed lo valida. Una vez pases por el proceso de pago tendr\u00e1s acceso al Sistema de Gerencia de Aprendizaje de la clase, pero no tendr\u00e1s acceso al contenido hasta la fecha de comienzo del curso.<\/p>\n<p><strong>Este curso fue dise\u00f1ado por Cisco Network Academy y se puede tomar en cualquiera de los siguientes idiomas: espa\u00f1ol, ingl\u00e9s y franc\u00e9s.<\/strong><\/p>\n<p><strong>*El certificado del curso se enviar\u00e1 digital por correo electr\u00f3nico.<\/strong><\/p>\n<p>&nbsp;<\/p>\n<p>&nbsp;<\/p>\n","protected":false},"excerpt":{"rendered":"<p><strong>Instructor:<\/strong> Luis Lugo<\/p>\n<p><strong>Horario:<\/strong> Curso en l\u00ednea &#8211; MODERADO<\/p>\n<p><b>Matricula:<\/b> Hasta el 8 de junio de 2020<\/p>\n<p><b>Fecha del curso:<\/b> 10 de junio al 21 de julio de 2020<\/p>\n<p><strong>Equivalencia de horas contacto:<\/strong> 30<\/p>\n<p><strong>Espacios:<\/strong> 15<\/p>\n","protected":false},"featured_media":3732,"comment_status":"closed","ping_status":"closed","template":"","meta":{"_links_to":"","_links_to_target":""},"product_brand":[],"product_cat":[254],"product_tag":[],"class_list":{"0":"post-15046","1":"product","2":"type-product","3":"status-publish","4":"has-post-thumbnail","6":"product_cat-upr-mayaguez","8":"first","9":"outofstock","10":"sold-individually","11":"shipping-taxable","12":"purchasable","13":"product-type-simple"},"_links":{"self":[{"href":"https:\/\/decepenlinea.uprm.edu\/index.php\/wp-json\/wp\/v2\/product\/15046","targetHints":{"allow":["GET"]}}],"collection":[{"href":"https:\/\/decepenlinea.uprm.edu\/index.php\/wp-json\/wp\/v2\/product"}],"about":[{"href":"https:\/\/decepenlinea.uprm.edu\/index.php\/wp-json\/wp\/v2\/types\/product"}],"replies":[{"embeddable":true,"href":"https:\/\/decepenlinea.uprm.edu\/index.php\/wp-json\/wp\/v2\/comments?post=15046"}],"wp:featuredmedia":[{"embeddable":true,"href":"https:\/\/decepenlinea.uprm.edu\/index.php\/wp-json\/wp\/v2\/media\/3732"}],"wp:attachment":[{"href":"https:\/\/decepenlinea.uprm.edu\/index.php\/wp-json\/wp\/v2\/media?parent=15046"}],"wp:term":[{"taxonomy":"product_brand","embeddable":true,"href":"https:\/\/decepenlinea.uprm.edu\/index.php\/wp-json\/wp\/v2\/product_brand?post=15046"},{"taxonomy":"product_cat","embeddable":true,"href":"https:\/\/decepenlinea.uprm.edu\/index.php\/wp-json\/wp\/v2\/product_cat?post=15046"},{"taxonomy":"product_tag","embeddable":true,"href":"https:\/\/decepenlinea.uprm.edu\/index.php\/wp-json\/wp\/v2\/product_tag?post=15046"}],"curies":[{"name":"wp","href":"https:\/\/api.w.org\/{rel}","templated":true}]}}