{"id":14920,"date":"2020-06-23T12:23:03","date_gmt":"2020-06-23T16:23:03","guid":{"rendered":"https:\/\/decepenlinea.uprm.edu\/?post_type=product&#038;p=14920"},"modified":"2020-07-17T14:56:30","modified_gmt":"2020-07-17T18:56:30","slug":"seminario-en-linea-seccion-am-del-salon-fisico-al-salon-virtual-con-un-modelo-de-ensenanza-orientado-al-cerebro","status":"publish","type":"product","link":"https:\/\/decepenlinea.uprm.edu\/index.php\/product\/seminario-en-linea-seccion-am-del-salon-fisico-al-salon-virtual-con-un-modelo-de-ensenanza-orientado-al-cerebro\/","title":{"rendered":"Seminario en l\u00ednea Secci\u00f3n AM: Del sal\u00f3n f\u00edsico al sal\u00f3n virtual con un Modelo de Ense\u00f1anza Orientado al Cerebro"},"content":{"rendered":"<p>En este seminario se explicar\u00e1 los componentes del Modelo de Ense\u00f1anza Orientado al Cerebro (Brain Targeted Teaching Model) de la Dr. Mariel Hardiman.  Este modelo te\u00f3rico es la base del Modelo Multi Estrat\u00e9gico para la Ense\u00f1anza en L\u00ednea que hace pr\u00e1ctico ese conocimiento te\u00f3rico. Finalmente, se hacen una serie de recomendaciones para lograr una transici\u00f3n exitosa de una clase presencial a una clase asistida por tecnolog\u00edas de la Internet.  Para beneficio del educador sin experiencia en la ense\u00f1anza en l\u00ednea o temas de pedagog\u00eda, se hacen recomendaciones concretas y pr\u00e1cticas sin teor\u00edas complejas. El seminario tendr\u00e1 una duraci\u00f3n de 2.5 horas de informaci\u00f3n y 30 minutos de preguntas.<\/p>\n","protected":false},"excerpt":{"rendered":"<p><strong>Profesor:<\/strong> Dr. Jos\u00e9 R. Ferrer L\u00f3pez<\/p>\n<p><strong>Horario:<\/strong> Videoconferencia en vivo<\/p>\n<p><b>Fecha del seminario:<\/b> 19 de junio de 2020 ; 9:00 am &#8211; 12:30 md<\/p>\n<p><strong>Equivalencia de horas contacto:<\/strong> 3<\/p>\n<p><strong>Espacios:<\/strong> 41<\/p>\n","protected":false},"featured_media":3947,"comment_status":"closed","ping_status":"closed","template":"","meta":{"_links_to":"","_links_to_target":""},"product_brand":[],"product_cat":[254],"product_tag":[],"class_list":{"0":"post-14920","1":"product","2":"type-product","3":"status-publish","4":"has-post-thumbnail","6":"product_cat-upr-mayaguez","8":"first","9":"outofstock","10":"sold-individually","11":"shipping-taxable","12":"purchasable","13":"product-type-simple"},"_links":{"self":[{"href":"https:\/\/decepenlinea.uprm.edu\/index.php\/wp-json\/wp\/v2\/product\/14920","targetHints":{"allow":["GET"]}}],"collection":[{"href":"https:\/\/decepenlinea.uprm.edu\/index.php\/wp-json\/wp\/v2\/product"}],"about":[{"href":"https:\/\/decepenlinea.uprm.edu\/index.php\/wp-json\/wp\/v2\/types\/product"}],"replies":[{"embeddable":true,"href":"https:\/\/decepenlinea.uprm.edu\/index.php\/wp-json\/wp\/v2\/comments?post=14920"}],"wp:featuredmedia":[{"embeddable":true,"href":"https:\/\/decepenlinea.uprm.edu\/index.php\/wp-json\/wp\/v2\/media\/3947"}],"wp:attachment":[{"href":"https:\/\/decepenlinea.uprm.edu\/index.php\/wp-json\/wp\/v2\/media?parent=14920"}],"wp:term":[{"taxonomy":"product_brand","embeddable":true,"href":"https:\/\/decepenlinea.uprm.edu\/index.php\/wp-json\/wp\/v2\/product_brand?post=14920"},{"taxonomy":"product_cat","embeddable":true,"href":"https:\/\/decepenlinea.uprm.edu\/index.php\/wp-json\/wp\/v2\/product_cat?post=14920"},{"taxonomy":"product_tag","embeddable":true,"href":"https:\/\/decepenlinea.uprm.edu\/index.php\/wp-json\/wp\/v2\/product_tag?post=14920"}],"curies":[{"name":"wp","href":"https:\/\/api.w.org\/{rel}","templated":true}]}}