{"id":10116,"date":"2020-05-21T15:30:47","date_gmt":"2020-05-21T19:30:47","guid":{"rendered":"https:\/\/decepenlinea.uprm.edu\/?post_type=product&#038;p=10116"},"modified":"2022-01-25T18:26:56","modified_gmt":"2022-01-25T22:26:56","slug":"introduccion-al-desarrollo-de-software-con-python-descuento-de-empleados-y-estudiantes","status":"publish","type":"product","link":"https:\/\/decepenlinea.uprm.edu\/index.php\/product\/introduccion-al-desarrollo-de-software-con-python-descuento-de-empleados-y-estudiantes\/","title":{"rendered":"Introducci\u00f3n al Desarrollo de Software con Python (Descuento de empleados y estudiantes)"},"content":{"rendered":"<\/p>\n<p>Python es un lenguaje de programaci\u00f3n poderoso y f\u00e1cil de<br \/>\naprender. Cuenta con estructuras de datos eficientes y de alto nivel y un<br \/>\nenfoque simple pero efectivo a la programaci\u00f3n orientada a objetos. La elegante<br \/>\nsintaxis de Python y su tipado din\u00e1mico, junto con su naturaleza interpretada,<br \/>\nhacen de \u00e9ste un lenguaje ideal para scripting y desarrollo r\u00e1pido de<br \/>\naplicaciones en diversas \u00e1reas y sobre la mayor\u00eda de las plataformas. El<br \/>\nint\u00e9rprete de Python y la extensa biblioteca est\u00e1ndar est\u00e1n a libre disposici\u00f3n<br \/>\nen forma binaria y de c\u00f3digo fuente para las principales plataformas desde el<br \/>\nsitio web de Python, https:\/\/www.python.org\/, y puede distribuirse libremente.<br \/>\nEl mismo sitio contiene tambi\u00e9n distribuciones y enlaces de muchos m\u00f3dulos<br \/>\nlibres de Python de terceros, programas y herramientas, y documentaci\u00f3n<br \/>\nadicional. El int\u00e9rprete de Python puede extenderse f\u00e1cilmente con nuevas<br \/>\nfuncionalidades y tipos de datos implementados en C o C++ (u otros lenguajes<br \/>\naccesibles desde C). Python tambi\u00e9n puede usarse como un lenguaje de<br \/>\nextensiones para aplicaciones personalizables.<\/p>\n<p><\/p>\n","protected":false},"excerpt":{"rendered":"<p><strong>Profesor:<\/strong> Jos\u00e9 Navarro<\/p>\n<p><strong>Horario:<\/strong> Curso en l\u00ednea &#8211; MODERADO<\/p>\n<p><b>Matricula:<\/b> Hasta el 7 de septiembre de 2020<\/p>\n<p><b>Fecha del curso:<\/b> 9 de septiembre al 20 de octubre de 2020<\/p>\n<p><strong>Equivalencia de horas contacto:<\/strong> 15<\/p>\n<p><strong>Espacios:<\/strong> 15<\/p>\n","protected":false},"featured_media":3742,"comment_status":"closed","ping_status":"closed","template":"","meta":{"_links_to":"","_links_to_target":""},"product_brand":[],"product_cat":[17],"product_tag":[],"class_list":{"0":"post-10116","1":"product","2":"type-product","3":"status-publish","4":"has-post-thumbnail","6":"product_cat-uncategorized","8":"first","9":"outofstock","10":"sold-individually","11":"shipping-taxable","12":"purchasable","13":"product-type-simple"},"_links":{"self":[{"href":"https:\/\/decepenlinea.uprm.edu\/index.php\/wp-json\/wp\/v2\/product\/10116","targetHints":{"allow":["GET"]}}],"collection":[{"href":"https:\/\/decepenlinea.uprm.edu\/index.php\/wp-json\/wp\/v2\/product"}],"about":[{"href":"https:\/\/decepenlinea.uprm.edu\/index.php\/wp-json\/wp\/v2\/types\/product"}],"replies":[{"embeddable":true,"href":"https:\/\/decepenlinea.uprm.edu\/index.php\/wp-json\/wp\/v2\/comments?post=10116"}],"wp:featuredmedia":[{"embeddable":true,"href":"https:\/\/decepenlinea.uprm.edu\/index.php\/wp-json\/wp\/v2\/media\/3742"}],"wp:attachment":[{"href":"https:\/\/decepenlinea.uprm.edu\/index.php\/wp-json\/wp\/v2\/media?parent=10116"}],"wp:term":[{"taxonomy":"product_brand","embeddable":true,"href":"https:\/\/decepenlinea.uprm.edu\/index.php\/wp-json\/wp\/v2\/product_brand?post=10116"},{"taxonomy":"product_cat","embeddable":true,"href":"https:\/\/decepenlinea.uprm.edu\/index.php\/wp-json\/wp\/v2\/product_cat?post=10116"},{"taxonomy":"product_tag","embeddable":true,"href":"https:\/\/decepenlinea.uprm.edu\/index.php\/wp-json\/wp\/v2\/product_tag?post=10116"}],"curies":[{"name":"wp","href":"https:\/\/api.w.org\/{rel}","templated":true}]}}