{"id":2868,"date":"2019-11-03T11:11:06","date_gmt":"2019-11-03T15:11:06","guid":{"rendered":"https:\/\/decepenlinea.uprm.edu\/?page_id=2868"},"modified":"2023-02-07T11:40:35","modified_gmt":"2023-02-07T15:40:35","slug":"metodos","status":"publish","type":"page","link":"https:\/\/decepenlinea.uprm.edu\/index.php\/metodos\/","title":{"rendered":"INFORMACI\u00d3N"},"content":{"rendered":"<div class=\"wpb-content-wrapper\"><p>[vc_row][vc_column][vc_column_text]<\/p>\n<h3>\u00a1Gracias por seleccionar a DECEP en L\u00ednea como su proveedor de educaci\u00f3n continua!<\/h3>\n<h3><\/h3>\n<h3>Instrucciones para realizar su pago<\/h3>\n<p>1. Colocar el art\u00edculo (curso, certificaci\u00f3n o seminario en l\u00ednea) en el carrito de compras.<\/p>\n<p>2. Ir al bot\u00f3n titulado MI CUENTA, el cual se encuentra en la parte superior de esta p\u00e1gina.<\/p>\n<p>3. Oprime: Don\u2019t have an Account<\/p>\n<p>4. Crea tu cuenta colocando: Nombre, Apellido y Correo electr\u00f3nico<\/p>\n<p>5. Oprime: Register<\/p>\n<p>6. Ir al carrito de compra<\/p>\n<p>7. Oprime: proceder a pagar<\/p>\n<p>8. Colocar informaci\u00f3n de tarjeta American Express, Visa o Master Card.<\/p>\n<p>9. Al culminar, recibir\u00e1s recibo de pago en el correo electr\u00f3nico con el cual te registraste.<\/p>\n<h3>Descripci\u00f3n general<\/h3>\n<p>Nuestros cursos utilizan las t\u00e9cnicas de video aprendizaje y microaprendizaje en una modalidad altamente asincr\u00f3nica. Nuestro compromiso es brindar una experiencia de aprendizaje de calidad con un modelo flexible que tome en consideraci\u00f3n la agenda del participante. Nuestras tecnolog\u00edas permiten participar en los cursos de manera m\u00f3vil facilitando la ense\u00f1anza sin importar la ubicaci\u00f3n geogr\u00e1fica. Trabajamos cada d\u00eda para adoptar e integrar tecnolog\u00edas que faciliten esta movilidad.<\/p>\n<h3><\/h3>\n<h3><\/h3>\n<h3>Cursos<\/h3>\n<p>Los cursos pueden variar de duraci\u00f3n y compromiso de tiempo y esfuerzo esperado. Instamos a leer cuidadosamente la descripci\u00f3n de cada curso. Desde los seminarios en vivo en l\u00ednea de 1.5 horas estimadas de duraci\u00f3n, hasta cursos de 15 horas o m\u00e1s. La variedad de modalidades depende de los temas y el contenido a ser compartido.<\/p>\n<h3><\/h3>\n<h3>Certificaciones<\/h3>\n<p>Las certificaciones pueden ser producto de la combinaci\u00f3n de varios cursos o estar presentados por m\u00f3dulos o lecciones dentro de los que parecer\u00eda un solo curso. Si est\u00e1 en este \u00faltimo formato, recibir\u00e1s el certificado cuando lo completes. Si la certificaci\u00f3n es el producto de varios cursos, recibir\u00e1s el certificado una vez completes todos los cursos que la comprenden de manera satisfactoria. En ocaciones como parte de ofertas especiales colocamos todos los cursos de una certificaci\u00f3n en un solo pago con descuento. Esto da acceso a cada curso de manera individual. Si son cursos moderados se deber\u00e1 esperar a la fecha de comienzo de cada uno.<\/p>\n<h3><\/h3>\n<h3>Cursos Moderados<\/h3>\n<p>Los cursos moderados son aquellos en el que el instructor lo facilita y tiene interacciones frecuentes con los participantes. La mayor\u00eda de estos cursos tienen fecha de apertura y cierre para cada lecci\u00f3n de la clase. Suele haber metodolog\u00eda de aprendizaje social en estos cursos. Puedes hacer preguntas al instructor y te estar\u00e1 respondiendo \u00a0en 72 horas laborables o menos. En los cursos moderados una vez pasas por el proceso de pago, tendr\u00e1s acceso al Sistema de Gerencia de Aprendizaje del curso, pero no al curso, hasta la fecha de comienzo de este.<\/p>\n<h3><\/h3>\n<h3>Cursos Autodirigidos<\/h3>\n<p>Los cursos autodirigidos son aquellos con una metodolog\u00eda autodidacta. Por lo regular no tienen fecha de comienzo, pero si de cierre. No suele haber metodolog\u00eda de aprendizaje social en estos cursos. Puedes consumir los materiales educativos y participar de cada m\u00f3dulo a tu propio paso, siempre velando que hay una fecha de cierre para la que se espera concluya el curso. En los cursos autodirigidos una vez pasas por el proceso de pago, tendr\u00e1s acceso al curso.<\/p>\n<h3><\/h3>\n<h3>Certificados<\/h3>\n<p>Para mantener la calidad de nuestros cursos, hasta el momento ofrecemos cursos con aval\u00fao y evaluaci\u00f3n. De esta manera, nuestros cursos tienen un m\u00ednimo de aprobaci\u00f3n del 70% de ejecuci\u00f3n. Emitimos certificados de aprobaci\u00f3n mediante examinaci\u00f3n, no certificados de participaci\u00f3n. Nuestros certificados digitales son credenciales oficiales con los logos y emblemas oficiales del Recinto Universitario de Mayag\u00fcez y la Universidad de Puerto Rico. Cada uno de ellos es validado con un n\u00famero de registro \u00fanico que se queda en nuestra base de datos. Estos certificados son enviados a la Oficina de Rector\u00eda para la firma correspondiente del Rector. Hacemos todo lo posible por que estos certificados est\u00e9n disponibles y enviados a nuestros participantes en un m\u00ednimo de 3 semanas laborables.<\/p>\n<h3><\/h3>\n<h3>Derechos y Propiedad Intelectual<\/h3>\n<p>DECEP en L\u00ednea y CREAD en conjunto con la Universidad de Puerto Rico, Recinto Universitario de Mayag\u00fcez, se reserva todos los derechos por los materiales educativos y actividades dentro de sus cursos. Algunos materiales no creados por nuestros instructores y en nuestras facilidades, son compartidos dentro de las leyes de uso justo. Algunos cursos tienen materiales educativos que se pueden bajar. El participante tiene derecho a usar estos materiales para uso y aprendizaje personal. Cualquier otro uso o compartir el material con terceros est\u00e1 terminantemente prohibido por ley y podr\u00eda conllevar penalidades.<\/p>\n<h3><\/h3>\n<h3>Estos son cursos sin cr\u00e9dito no conducentes a grados acad\u00e9micos<\/h3>\n<p>Aunque los cursos son preparados con todo el rigor acad\u00e9mico, al matricularte hay una aceptaci\u00f3n de que estos cursos no conllevan cr\u00e9ditos y no hay derecho a solicitarlos. Los cursos son parte de una estrategia de aprendizaje de por vida y se ofrecen certificados para validar el conocimiento y destrezas adquiridas. Aunque se espera que estos certificados aumenten las posibilidades de \u00e9xito en el mundo laboral y la expectativa de adquirir un empleo mejoren, ninguno de los cursos garantiza esto.<\/p>\n<h3><\/h3>\n<h3>Devoluciones<\/h3>\n<p>En los cursos autodirigidos la venta es final y no reembolsable bajo ninguna situaci\u00f3n. Luego que comienza un curso moderado no hay devoluciones. En un curso moderado hay posibilidades de cancelaci\u00f3n por baja matr\u00edcula. Si esto ocurre ser\u00e1 notificado y se le informar\u00e1 sobre los procedimientos a seguir. Si tiene preguntas se puede comunicar a (787) 832-4040, extensi\u00f3n 6406.[\/vc_column_text][\/vc_column][\/vc_row]<\/p>\n<\/div>","protected":false},"excerpt":{"rendered":"<p>[vc_row][vc_column][vc_column_text] \u00a1Gracias por seleccionar a DECEP en L\u00ednea como su proveedor de educaci\u00f3n continua! Instrucciones para realizar su pago 1. Colocar el art\u00edculo (curso, certificaci\u00f3n o seminario en l\u00ednea) en &#8230;<\/p>\n","protected":false},"author":37,"featured_media":0,"parent":0,"menu_order":0,"comment_status":"closed","ping_status":"closed","template":"","meta":{"footnotes":"","_links_to":"","_links_to_target":""},"class_list":["post-2868","page","type-page","status-publish","hentry"],"_links":{"self":[{"href":"https:\/\/decepenlinea.uprm.edu\/index.php\/wp-json\/wp\/v2\/pages\/2868","targetHints":{"allow":["GET"]}}],"collection":[{"href":"https:\/\/decepenlinea.uprm.edu\/index.php\/wp-json\/wp\/v2\/pages"}],"about":[{"href":"https:\/\/decepenlinea.uprm.edu\/index.php\/wp-json\/wp\/v2\/types\/page"}],"author":[{"embeddable":true,"href":"https:\/\/decepenlinea.uprm.edu\/index.php\/wp-json\/wp\/v2\/users\/37"}],"replies":[{"embeddable":true,"href":"https:\/\/decepenlinea.uprm.edu\/index.php\/wp-json\/wp\/v2\/comments?post=2868"}],"version-history":[{"count":9,"href":"https:\/\/decepenlinea.uprm.edu\/index.php\/wp-json\/wp\/v2\/pages\/2868\/revisions"}],"predecessor-version":[{"id":33254,"href":"https:\/\/decepenlinea.uprm.edu\/index.php\/wp-json\/wp\/v2\/pages\/2868\/revisions\/33254"}],"wp:attachment":[{"href":"https:\/\/decepenlinea.uprm.edu\/index.php\/wp-json\/wp\/v2\/media?parent=2868"}],"curies":[{"name":"wp","href":"https:\/\/api.w.org\/{rel}","templated":true}]}}